
{"id":11848,"date":"2024-07-16T09:53:17","date_gmt":"2024-07-16T07:53:17","guid":{"rendered":"https:\/\/formazione.cogeosrl.com\/shop\/?post_type=product&#038;p=11848"},"modified":"2024-11-13T11:20:44","modified_gmt":"2024-11-13T10:20:44","slug":"corso-zero-barriere-visita-guidata-nellarte-dellaccessibilita-copia","status":"publish","type":"product","link":"https:\/\/formazione.cogeosrl.com\/shop\/prodotto\/corso-zero-barriere-visita-guidata-nellarte-dellaccessibilita-copia\/","title":{"rendered":"Corso &#8220;Zero barriere: Visita Guidata nell&#8217;Arte dell&#8217;Accessibilit\u00e0&#8221;"},"content":{"rendered":"<h4>Il corso, che sar\u00e0 erogato in modalit\u00e0 <strong>E-Learning<\/strong>, avr\u00e0 una durata di 5 ore e permetter\u00e0 di sviluppare competenze tecniche sulle soluzioni in materia di Progettazione e Costruzione Accessibile per ridurre ed eliminare le barriere architettoniche nel rispetto delle norme della sicurezza.<\/h4>\n<h6>Il primo provvedimento legislativo che ha disciplinato la materia dell\u2019eliminazione delle barriere architettoniche nel nostro Paese risale al 1968; da allora ci sono stati numerosi ulteriori provvedimenti legislativi che sono intervenuti sulla materia rendendola progressivamente pi\u00f9 chiara e vincolante.<\/h6>\n<h6>Sono passati pi\u00f9 di cinquant\u2019anni dal quel primo provvedimento, e potremmo pensare erroneamente che, eliminando una barriera alla volta, il nostro territorio sia diventato completamente accessibile alle persone con disabilit\u00e0 o, quanto meno, sia stato notevolmente \u201cbonificato\u201d; purtroppo non \u00e8 cos\u00ec; per chi ha un qualche tipo di disabilit\u00e0 (motoria, sensoriale, intellettiva\/psichiatrica, plurima), gli ostacoli che impediscono la piena partecipazione alla societ\u00e0 sono un\u2019esperienza quotidiana.<\/h6>\n<h6>I motivi sono tanti ma alla base di ogni evoluzione ci deve essere sempre un\u2019adeguata formazione; chi progetta e costruisce non approfondendo certe tematiche continua a progettare e costruire pensando ad un essere umano generico.<\/h6>\n<h6><strong>IL PARADOSSO DELLE BARRIERE ARCHITETTONICHE<\/strong><\/h6>\n<h6>Per evitare barriere<\/h6>\n<ul>\n<li>Esistono buone leggi<\/li>\n<li>Sono nulli o minimi i costi<\/li>\n<li>Sono minime le difficolt\u00e0 tecniche<\/li>\n<\/ul>\n<h6>La prevenzione di barriere non provoca danni a nessuno<\/h6>\n<h6>La loro presenza non porta vantaggi a nessuno.<\/h6>\n<h6>La loro presenza comporta gravi limitazioni al 10% della popolazione.<\/h6>\n<h6><strong>UNO STRUMENTO EFFICACE<\/strong><\/h6>\n<h6>L\u2019Istituto del Marchio di qualit\u00e0 Zerobarriere ha cercato di individuare le cause del paradosso e di individuare le azioni per superarlo.<\/h6>\n<h6>La chiave della soluzione: per costruire citt\u00e0 effettivamente accessibili occorre non solo rispettare le norme tecniche, ma soprattutto imparare l\u2019arte di interpretare le esigenze delle persone con disabilit\u00e0.<\/h6>\n<h6><strong>L\u2019Antologia Zerobarriere pu\u00f2 essere utile per raggiungere indirettamente l\u2019ambizioso obiettivo, consentendo di individuare in modo puntuale e rapido le migliori soluzioni adottate nel mondo.<\/strong><\/h6>\n<h3><strong>Il corso si pone l\u2019obbiettivo:<\/strong><\/h3>\n<ul>\n<li>\n<h4>di introdurre e far conoscere la problematica \u201cZero Barriere\u201d a coloro che sono direttamente coinvolti nella progettazione e costruzione di: edilizia scolastica, edilizia sanitaria e case di cura, edilizia residenziale pubblica, strutture turistiche e ricettive, luoghi di cultura e spettacolo, impianti sportivi, etc..<\/h4>\n<\/li>\n<li>\n<h4>fornire alcune linee guida ed informazioni tecniche a supporto della progettazione e della costruzione di edifici e spazi comuni per avere citt\u00e0 accessibili<\/h4>\n<\/li>\n<li>\n<h4>presentare l\u2019Antologia prodotta dall\u2019Istituto del Marchio di qualit\u00e0 Zerobarriere, valido supporto per gli addetti ai lavori<\/h4>\n<\/li>\n<\/ul>\n<h4>Le tematiche trattate, con l\u2019ausilio dell\u2019Antologia aperta dell\u2019accessibilit\u00e0, sono:<\/h4>\n<ul>\n<li>\n<h4>Bisogni delle persone con disabilit\u00e0, Cause della pandemia di barriere, Un vaccino.<\/h4>\n<\/li>\n<li>\n<h4>Parcheggi<\/h4>\n<\/li>\n<li>\n<h4>Percorsi pedonali urbani<\/h4>\n<\/li>\n<li>\n<h4>Percorsi interni orizzontali<\/h4>\n<\/li>\n<li>\n<h4>Percorsi interni verticali<\/h4>\n<\/li>\n<li>\n<h4>Servizi igienici<\/h4>\n<\/li>\n<li>\n<h4>Ausili, sicurezza, comfort<\/h4>\n<\/li>\n<li>\n<h4>Sistema impianti sportivi<\/h4>\n<\/li>\n<\/ul>\n","protected":false},"excerpt":{"rendered":"<h4><strong>(5 ore &#8211; 5<\/strong><strong>\u00a0CFP Geometri)<\/strong><\/h4>\n<ul>\n<li>\n<h4>\u20ac\u00a0 42,70 (\u20ac 35,00 + iva) professionisti <strong>iscritti<\/strong>\u00a0ai Collegi dei Geometri e Geometri Laureati<\/h4>\n<\/li>\n<li>\n<h4>\u20ac\u00a0 48,80 (\u20ac 40,00 + iva) professionisti <strong>NON iscritti<\/strong>\u00a0ai Collegi dei Geometri e Geometri Laureati<\/h4>\n<\/li>\n<\/ul>\n<h4><strong style=\"color: #333333; font-size: 16px;\">Si comunica che al fine dell&#8217;attribuzione dei Crediti Formativi Professionali il corso pu\u00f2 essere frequentato una sola volta.<\/strong><\/h4>\n<p><a href='\/course\/view.php?id=81' class='big-button biggreen'>Paga con Paypal o Carta di Credito<\/a> \u00a0<a href='\/shop\/pagamento-con-bonifico\/' class='big-button bigblue'>Paga con Bonifico<\/a><\/p>\n","protected":false},"featured_media":11936,"template":"","meta":{"_et_pb_use_builder":"","_et_pb_old_content":"","_et_gb_content_width":""},"product_cat":[29],"product_tag":[],"yoast_head":"<!-- This site is optimized with the Yoast SEO plugin v16.9 - https:\/\/yoast.com\/wordpress\/plugins\/seo\/ -->\n<title>Corso &quot;Zero barriere: Visita Guidata nell&#039;Arte dell&#039;Accessibilit\u00e0&quot; - Co.geo.<\/title>\n<meta name=\"robots\" content=\"index, follow, max-snippet:-1, max-image-preview:large, max-video-preview:-1\" \/>\n<link rel=\"canonical\" href=\"https:\/\/formazione.cogeosrl.com\/shop\/prodotto\/corso-zero-barriere-visita-guidata-nellarte-dellaccessibilita-copia\/\" \/>\n<meta property=\"og:locale\" content=\"it_IT\" \/>\n<meta property=\"og:type\" content=\"article\" \/>\n<meta property=\"og:title\" content=\"Corso &quot;Zero barriere: Visita Guidata nell&#039;Arte dell&#039;Accessibilit\u00e0&quot; - Co.geo.\" \/>\n<meta property=\"og:description\" content=\"(5 ore - 5\u00a0CFP Geometri)    \u20ac\u00a0 42,70 (\u20ac 35,00 + iva) professionisti iscritti\u00a0ai Collegi dei Geometri e Geometri Laureati    \u20ac\u00a0 48,80 (\u20ac 40,00 + iva) professionisti NON iscritti\u00a0ai Collegi dei Geometri e Geometri Laureati   Si comunica che al fine dell&#039;attribuzione dei Crediti Formativi Professionali il corso pu\u00f2 essere frequentato una sola volta.  \u00a0\" \/>\n<meta property=\"og:url\" content=\"https:\/\/formazione.cogeosrl.com\/shop\/prodotto\/corso-zero-barriere-visita-guidata-nellarte-dellaccessibilita-copia\/\" \/>\n<meta property=\"og:site_name\" content=\"Co.geo.\" \/>\n<meta property=\"article:modified_time\" content=\"2024-11-13T10:20:44+00:00\" \/>\n<meta property=\"og:image\" content=\"https:\/\/formazione.cogeosrl.com\/shop\/wp-content\/uploads\/2024\/07\/Zero-Barriere-300x300-1.jpg\" \/>\n\t<meta property=\"og:image:width\" content=\"300\" \/>\n\t<meta property=\"og:image:height\" content=\"300\" \/>\n<meta name=\"twitter:card\" content=\"summary_large_image\" \/>\n<meta name=\"twitter:label1\" content=\"Tempo di lettura stimato\" \/>\n\t<meta name=\"twitter:data1\" content=\"2 minuti\" \/>\n<script type=\"application\/ld+json\" class=\"yoast-schema-graph\">{\"@context\":\"https:\/\/schema.org\",\"@graph\":[{\"@type\":\"WebSite\",\"@id\":\"https:\/\/formazione.cogeosrl.com\/shop\/#website\",\"url\":\"https:\/\/formazione.cogeosrl.com\/shop\/\",\"name\":\"Co.geo. Srl\",\"description\":\"\",\"potentialAction\":[{\"@type\":\"SearchAction\",\"target\":{\"@type\":\"EntryPoint\",\"urlTemplate\":\"https:\/\/formazione.cogeosrl.com\/shop\/?s={search_term_string}\"},\"query-input\":\"required name=search_term_string\"}],\"inLanguage\":\"it-IT\"},{\"@type\":\"ImageObject\",\"@id\":\"https:\/\/formazione.cogeosrl.com\/shop\/prodotto\/corso-zero-barriere-visita-guidata-nellarte-dellaccessibilita-copia\/#primaryimage\",\"inLanguage\":\"it-IT\",\"url\":\"https:\/\/formazione.cogeosrl.com\/shop\/wp-content\/uploads\/2024\/07\/Zero-Barriere-300x300-1.jpg\",\"contentUrl\":\"https:\/\/formazione.cogeosrl.com\/shop\/wp-content\/uploads\/2024\/07\/Zero-Barriere-300x300-1.jpg\",\"width\":300,\"height\":300},{\"@type\":\"WebPage\",\"@id\":\"https:\/\/formazione.cogeosrl.com\/shop\/prodotto\/corso-zero-barriere-visita-guidata-nellarte-dellaccessibilita-copia\/#webpage\",\"url\":\"https:\/\/formazione.cogeosrl.com\/shop\/prodotto\/corso-zero-barriere-visita-guidata-nellarte-dellaccessibilita-copia\/\",\"name\":\"Corso \\\"Zero barriere: Visita Guidata nell'Arte dell'Accessibilit\\u00e0\\\" - Co.geo.\",\"isPartOf\":{\"@id\":\"https:\/\/formazione.cogeosrl.com\/shop\/#website\"},\"primaryImageOfPage\":{\"@id\":\"https:\/\/formazione.cogeosrl.com\/shop\/prodotto\/corso-zero-barriere-visita-guidata-nellarte-dellaccessibilita-copia\/#primaryimage\"},\"datePublished\":\"2024-07-16T07:53:17+00:00\",\"dateModified\":\"2024-11-13T10:20:44+00:00\",\"breadcrumb\":{\"@id\":\"https:\/\/formazione.cogeosrl.com\/shop\/prodotto\/corso-zero-barriere-visita-guidata-nellarte-dellaccessibilita-copia\/#breadcrumb\"},\"inLanguage\":\"it-IT\",\"potentialAction\":[{\"@type\":\"ReadAction\",\"target\":[\"https:\/\/formazione.cogeosrl.com\/shop\/prodotto\/corso-zero-barriere-visita-guidata-nellarte-dellaccessibilita-copia\/\"]}]},{\"@type\":\"BreadcrumbList\",\"@id\":\"https:\/\/formazione.cogeosrl.com\/shop\/prodotto\/corso-zero-barriere-visita-guidata-nellarte-dellaccessibilita-copia\/#breadcrumb\",\"itemListElement\":[{\"@type\":\"ListItem\",\"position\":1,\"name\":\"Home\",\"item\":\"https:\/\/formazione.cogeosrl.com\/shop\/\"},{\"@type\":\"ListItem\",\"position\":2,\"name\":\"Home\",\"item\":\"https:\/\/formazione.cogeosrl.com\/shop\/home\/\"},{\"@type\":\"ListItem\",\"position\":3,\"name\":\"Corso &#8220;Zero barriere: Visita Guidata nell&#8217;Arte dell&#8217;Accessibilit\\u00e0&#8221;\"}]}]}<\/script>\n<!-- \/ Yoast SEO plugin. -->","yoast_head_json":{"title":"Corso \"Zero barriere: Visita Guidata nell'Arte dell'Accessibilit\u00e0\" - Co.geo.","robots":{"index":"index","follow":"follow","max-snippet":"max-snippet:-1","max-image-preview":"max-image-preview:large","max-video-preview":"max-video-preview:-1"},"canonical":"https:\/\/formazione.cogeosrl.com\/shop\/prodotto\/corso-zero-barriere-visita-guidata-nellarte-dellaccessibilita-copia\/","og_locale":"it_IT","og_type":"article","og_title":"Corso \"Zero barriere: Visita Guidata nell'Arte dell'Accessibilit\u00e0\" - Co.geo.","og_description":"(5 ore - 5\u00a0CFP Geometri)    \u20ac\u00a0 42,70 (\u20ac 35,00 + iva) professionisti iscritti\u00a0ai Collegi dei Geometri e Geometri Laureati    \u20ac\u00a0 48,80 (\u20ac 40,00 + iva) professionisti NON iscritti\u00a0ai Collegi dei Geometri e Geometri Laureati   Si comunica che al fine dell'attribuzione dei Crediti Formativi Professionali il corso pu\u00f2 essere frequentato una sola volta.  \u00a0","og_url":"https:\/\/formazione.cogeosrl.com\/shop\/prodotto\/corso-zero-barriere-visita-guidata-nellarte-dellaccessibilita-copia\/","og_site_name":"Co.geo.","article_modified_time":"2024-11-13T10:20:44+00:00","og_image":[{"width":300,"height":300,"url":"https:\/\/formazione.cogeosrl.com\/shop\/wp-content\/uploads\/2024\/07\/Zero-Barriere-300x300-1.jpg","path":"\/var\/www\/html\/moodle\/shop\/wp-content\/uploads\/2024\/07\/Zero-Barriere-300x300-1.jpg","size":"full","id":11936,"alt":"","pixels":90000,"type":"image\/jpeg"}],"twitter_card":"summary_large_image","twitter_misc":{"Tempo di lettura stimato":"2 minuti"},"schema":{"@context":"https:\/\/schema.org","@graph":[{"@type":"WebSite","@id":"https:\/\/formazione.cogeosrl.com\/shop\/#website","url":"https:\/\/formazione.cogeosrl.com\/shop\/","name":"Co.geo. Srl","description":"","potentialAction":[{"@type":"SearchAction","target":{"@type":"EntryPoint","urlTemplate":"https:\/\/formazione.cogeosrl.com\/shop\/?s={search_term_string}"},"query-input":"required name=search_term_string"}],"inLanguage":"it-IT"},{"@type":"ImageObject","@id":"https:\/\/formazione.cogeosrl.com\/shop\/prodotto\/corso-zero-barriere-visita-guidata-nellarte-dellaccessibilita-copia\/#primaryimage","inLanguage":"it-IT","url":"https:\/\/formazione.cogeosrl.com\/shop\/wp-content\/uploads\/2024\/07\/Zero-Barriere-300x300-1.jpg","contentUrl":"https:\/\/formazione.cogeosrl.com\/shop\/wp-content\/uploads\/2024\/07\/Zero-Barriere-300x300-1.jpg","width":300,"height":300},{"@type":"WebPage","@id":"https:\/\/formazione.cogeosrl.com\/shop\/prodotto\/corso-zero-barriere-visita-guidata-nellarte-dellaccessibilita-copia\/#webpage","url":"https:\/\/formazione.cogeosrl.com\/shop\/prodotto\/corso-zero-barriere-visita-guidata-nellarte-dellaccessibilita-copia\/","name":"Corso \"Zero barriere: Visita Guidata nell'Arte dell'Accessibilit\u00e0\" - Co.geo.","isPartOf":{"@id":"https:\/\/formazione.cogeosrl.com\/shop\/#website"},"primaryImageOfPage":{"@id":"https:\/\/formazione.cogeosrl.com\/shop\/prodotto\/corso-zero-barriere-visita-guidata-nellarte-dellaccessibilita-copia\/#primaryimage"},"datePublished":"2024-07-16T07:53:17+00:00","dateModified":"2024-11-13T10:20:44+00:00","breadcrumb":{"@id":"https:\/\/formazione.cogeosrl.com\/shop\/prodotto\/corso-zero-barriere-visita-guidata-nellarte-dellaccessibilita-copia\/#breadcrumb"},"inLanguage":"it-IT","potentialAction":[{"@type":"ReadAction","target":["https:\/\/formazione.cogeosrl.com\/shop\/prodotto\/corso-zero-barriere-visita-guidata-nellarte-dellaccessibilita-copia\/"]}]},{"@type":"BreadcrumbList","@id":"https:\/\/formazione.cogeosrl.com\/shop\/prodotto\/corso-zero-barriere-visita-guidata-nellarte-dellaccessibilita-copia\/#breadcrumb","itemListElement":[{"@type":"ListItem","position":1,"name":"Home","item":"https:\/\/formazione.cogeosrl.com\/shop\/"},{"@type":"ListItem","position":2,"name":"Home","item":"https:\/\/formazione.cogeosrl.com\/shop\/home\/"},{"@type":"ListItem","position":3,"name":"Corso &#8220;Zero barriere: Visita Guidata nell&#8217;Arte dell&#8217;Accessibilit\u00e0&#8221;"}]}]}},"_links":{"self":[{"href":"https:\/\/formazione.cogeosrl.com\/shop\/wp-json\/wp\/v2\/product\/11848"}],"collection":[{"href":"https:\/\/formazione.cogeosrl.com\/shop\/wp-json\/wp\/v2\/product"}],"about":[{"href":"https:\/\/formazione.cogeosrl.com\/shop\/wp-json\/wp\/v2\/types\/product"}],"wp:featuredmedia":[{"embeddable":true,"href":"https:\/\/formazione.cogeosrl.com\/shop\/wp-json\/wp\/v2\/media\/11936"}],"wp:attachment":[{"href":"https:\/\/formazione.cogeosrl.com\/shop\/wp-json\/wp\/v2\/media?parent=11848"}],"wp:term":[{"taxonomy":"product_cat","embeddable":true,"href":"https:\/\/formazione.cogeosrl.com\/shop\/wp-json\/wp\/v2\/product_cat?post=11848"},{"taxonomy":"product_tag","embeddable":true,"href":"https:\/\/formazione.cogeosrl.com\/shop\/wp-json\/wp\/v2\/product_tag?post=11848"}],"curies":[{"name":"wp","href":"https:\/\/api.w.org\/{rel}","templated":true}]}}