
{"id":11717,"date":"2024-03-20T09:52:52","date_gmt":"2024-03-20T08:52:52","guid":{"rendered":"https:\/\/formazione.cogeosrl.com\/shop\/?post_type=product&#038;p=11717"},"modified":"2024-04-15T14:33:57","modified_gmt":"2024-04-15T12:33:57","slug":"corso-tecniche-di-intervento-su-edifici-esistenti-in-muratura","status":"publish","type":"product","link":"https:\/\/formazione.cogeosrl.com\/shop\/prodotto\/corso-tecniche-di-intervento-su-edifici-esistenti-in-muratura\/","title":{"rendered":"Corso &#8220;Tecniche di intervento su edifici esistenti in muratura&#8221;"},"content":{"rendered":"<h3>Il corso \u00e8 volto a fornire una sintetica panoramica relativa alle principali tecniche, tradizionali e moderne, per l\u2019intervento di consolidamento di edifici in muratura.<\/h3>\n<h3>Saranno trattati e approfonditi i seguenti argomenti:<\/h3>\n<ul>\n<li>\n<h3>Criteri generali di intervento<\/h3>\n<\/li>\n<li>\n<h3>Rinforzo e irrigidimento di solai e coperture<\/h3>\n<\/li>\n<li>\n<h3>Connessioni tra pareti murarie e tra orizzontamenti e pareti<\/h3>\n<\/li>\n<li>\n<h3>Rinforzo di pareti murarie<\/h3>\n<\/li>\n<li>\n<h3>Consolidamento di archi e volte<\/h3>\n<\/li>\n<li>\n<h3>Cerchiatura di colonne in muratura<\/h3>\n<\/li>\n<li>\n<h3>Interventi in fondazione<\/h3>\n<\/li>\n<\/ul>\n","protected":false},"excerpt":{"rendered":"<h4><strong>(2<\/strong><strong> ore &#8211; 2 CFP Geometri)<\/strong><\/h4>\n<ul>\n<li>\n<h4>\u20ac 24,40 (\u20ac 20,00 + iva) professionisti\u00a0<strong>iscritti<\/strong>\u00a0ai Collegi dei Geometri e Geometri Laureati<\/h4>\n<\/li>\n<li>\n<h4>\u20ac 30,50 (\u20ac 25,00 + iva) professionisti\u00a0<strong>NON iscritti<\/strong>\u00a0ai Collegi dei Geometri e Geometri Laureati<\/h4>\n<\/li>\n<\/ul>\n<h4>Il corso, che sar\u00e0 erogato in modalit\u00e0 <strong>E-Learning<\/strong>, avr\u00e0 una durata di <strong>2 ore<\/strong> ed \u00e8 rivolto a geometri, ingegneri e architetti interessati agli approfondire le proprie conoscenze nell&#8217;ambito degli edifici esistenti in muratura.<\/h4>\n<h4><strong>Si comunica che al fine dell&#8217;attribuzione dei Crediti Formativi Professionali il corso pu\u00f2 essere frequentato una sola volta.<\/strong><\/h4>\n<p><a href='\/course\/view.php?id=80' class='big-button biggreen'>Paga con Paypal o Carta di Credito<\/a> \u00a0<a href='\/shop\/pagamento-con-bonifico\/' class='big-button bigblue'>Paga con Bonifico<\/a><\/p>\n","protected":false},"featured_media":11715,"template":"","meta":{"_et_pb_use_builder":"","_et_pb_old_content":"","_et_gb_content_width":""},"product_cat":[29],"product_tag":[],"yoast_head":"<!-- This site is optimized with the Yoast SEO plugin v16.9 - https:\/\/yoast.com\/wordpress\/plugins\/seo\/ -->\n<title>Corso &quot;Tecniche di intervento su edifici esistenti in muratura&quot; - Co.geo.<\/title>\n<meta name=\"robots\" content=\"index, follow, max-snippet:-1, max-image-preview:large, max-video-preview:-1\" \/>\n<link rel=\"canonical\" href=\"https:\/\/formazione.cogeosrl.com\/shop\/prodotto\/corso-tecniche-di-intervento-su-edifici-esistenti-in-muratura\/\" \/>\n<meta property=\"og:locale\" content=\"it_IT\" \/>\n<meta property=\"og:type\" content=\"article\" \/>\n<meta property=\"og:title\" content=\"Corso &quot;Tecniche di intervento su edifici esistenti in muratura&quot; - Co.geo.\" \/>\n<meta property=\"og:description\" content=\"(2 ore - 2 CFP Geometri)    \u20ac 24,40 (\u20ac 20,00 + iva) professionisti\u00a0iscritti\u00a0ai Collegi dei Geometri e Geometri Laureati    \u20ac 30,50 (\u20ac 25,00 + iva) professionisti\u00a0NON iscritti\u00a0ai Collegi dei Geometri e Geometri Laureati   Il corso, che sar\u00e0 erogato in modalit\u00e0 E-Learning, avr\u00e0 una durata di 2 ore ed \u00e8 rivolto a geometri, ingegneri e architetti interessati agli approfondire le proprie conoscenze nell&#039;ambito degli edifici esistenti in muratura. Si comunica che al fine dell&#039;attribuzione dei Crediti Formativi Professionali il corso pu\u00f2 essere frequentato una sola volta.  \u00a0\" \/>\n<meta property=\"og:url\" content=\"https:\/\/formazione.cogeosrl.com\/shop\/prodotto\/corso-tecniche-di-intervento-su-edifici-esistenti-in-muratura\/\" \/>\n<meta property=\"og:site_name\" content=\"Co.geo.\" \/>\n<meta property=\"article:modified_time\" content=\"2024-04-15T12:33:57+00:00\" \/>\n<meta property=\"og:image\" content=\"https:\/\/formazione.cogeosrl.com\/shop\/wp-content\/uploads\/2024\/03\/Corsi-Edifici-muratura-300x300-1.jpg\" \/>\n\t<meta property=\"og:image:width\" content=\"300\" \/>\n\t<meta property=\"og:image:height\" content=\"300\" \/>\n<meta name=\"twitter:card\" content=\"summary_large_image\" \/>\n<meta name=\"twitter:label1\" content=\"Tempo di lettura stimato\" \/>\n\t<meta name=\"twitter:data1\" content=\"1 minuto\" \/>\n<script type=\"application\/ld+json\" class=\"yoast-schema-graph\">{\"@context\":\"https:\/\/schema.org\",\"@graph\":[{\"@type\":\"WebSite\",\"@id\":\"https:\/\/formazione.cogeosrl.com\/shop\/#website\",\"url\":\"https:\/\/formazione.cogeosrl.com\/shop\/\",\"name\":\"Co.geo. Srl\",\"description\":\"\",\"potentialAction\":[{\"@type\":\"SearchAction\",\"target\":{\"@type\":\"EntryPoint\",\"urlTemplate\":\"https:\/\/formazione.cogeosrl.com\/shop\/?s={search_term_string}\"},\"query-input\":\"required name=search_term_string\"}],\"inLanguage\":\"it-IT\"},{\"@type\":\"ImageObject\",\"@id\":\"https:\/\/formazione.cogeosrl.com\/shop\/prodotto\/corso-tecniche-di-intervento-su-edifici-esistenti-in-muratura\/#primaryimage\",\"inLanguage\":\"it-IT\",\"url\":\"https:\/\/formazione.cogeosrl.com\/shop\/wp-content\/uploads\/2024\/03\/Corsi-Edifici-muratura-300x300-1.jpg\",\"contentUrl\":\"https:\/\/formazione.cogeosrl.com\/shop\/wp-content\/uploads\/2024\/03\/Corsi-Edifici-muratura-300x300-1.jpg\",\"width\":300,\"height\":300},{\"@type\":\"WebPage\",\"@id\":\"https:\/\/formazione.cogeosrl.com\/shop\/prodotto\/corso-tecniche-di-intervento-su-edifici-esistenti-in-muratura\/#webpage\",\"url\":\"https:\/\/formazione.cogeosrl.com\/shop\/prodotto\/corso-tecniche-di-intervento-su-edifici-esistenti-in-muratura\/\",\"name\":\"Corso \\\"Tecniche di intervento su edifici esistenti in muratura\\\" - Co.geo.\",\"isPartOf\":{\"@id\":\"https:\/\/formazione.cogeosrl.com\/shop\/#website\"},\"primaryImageOfPage\":{\"@id\":\"https:\/\/formazione.cogeosrl.com\/shop\/prodotto\/corso-tecniche-di-intervento-su-edifici-esistenti-in-muratura\/#primaryimage\"},\"datePublished\":\"2024-03-20T08:52:52+00:00\",\"dateModified\":\"2024-04-15T12:33:57+00:00\",\"breadcrumb\":{\"@id\":\"https:\/\/formazione.cogeosrl.com\/shop\/prodotto\/corso-tecniche-di-intervento-su-edifici-esistenti-in-muratura\/#breadcrumb\"},\"inLanguage\":\"it-IT\",\"potentialAction\":[{\"@type\":\"ReadAction\",\"target\":[\"https:\/\/formazione.cogeosrl.com\/shop\/prodotto\/corso-tecniche-di-intervento-su-edifici-esistenti-in-muratura\/\"]}]},{\"@type\":\"BreadcrumbList\",\"@id\":\"https:\/\/formazione.cogeosrl.com\/shop\/prodotto\/corso-tecniche-di-intervento-su-edifici-esistenti-in-muratura\/#breadcrumb\",\"itemListElement\":[{\"@type\":\"ListItem\",\"position\":1,\"name\":\"Home\",\"item\":\"https:\/\/formazione.cogeosrl.com\/shop\/\"},{\"@type\":\"ListItem\",\"position\":2,\"name\":\"Home\",\"item\":\"https:\/\/formazione.cogeosrl.com\/shop\/home\/\"},{\"@type\":\"ListItem\",\"position\":3,\"name\":\"Corso &#8220;Tecniche di intervento su edifici esistenti in muratura&#8221;\"}]}]}<\/script>\n<!-- \/ Yoast SEO plugin. -->","yoast_head_json":{"title":"Corso \"Tecniche di intervento su edifici esistenti in muratura\" - Co.geo.","robots":{"index":"index","follow":"follow","max-snippet":"max-snippet:-1","max-image-preview":"max-image-preview:large","max-video-preview":"max-video-preview:-1"},"canonical":"https:\/\/formazione.cogeosrl.com\/shop\/prodotto\/corso-tecniche-di-intervento-su-edifici-esistenti-in-muratura\/","og_locale":"it_IT","og_type":"article","og_title":"Corso \"Tecniche di intervento su edifici esistenti in muratura\" - Co.geo.","og_description":"(2 ore - 2 CFP Geometri)    \u20ac 24,40 (\u20ac 20,00 + iva) professionisti\u00a0iscritti\u00a0ai Collegi dei Geometri e Geometri Laureati    \u20ac 30,50 (\u20ac 25,00 + iva) professionisti\u00a0NON iscritti\u00a0ai Collegi dei Geometri e Geometri Laureati   Il corso, che sar\u00e0 erogato in modalit\u00e0 E-Learning, avr\u00e0 una durata di 2 ore ed \u00e8 rivolto a geometri, ingegneri e architetti interessati agli approfondire le proprie conoscenze nell'ambito degli edifici esistenti in muratura. Si comunica che al fine dell'attribuzione dei Crediti Formativi Professionali il corso pu\u00f2 essere frequentato una sola volta.  \u00a0","og_url":"https:\/\/formazione.cogeosrl.com\/shop\/prodotto\/corso-tecniche-di-intervento-su-edifici-esistenti-in-muratura\/","og_site_name":"Co.geo.","article_modified_time":"2024-04-15T12:33:57+00:00","og_image":[{"width":300,"height":300,"url":"https:\/\/formazione.cogeosrl.com\/shop\/wp-content\/uploads\/2024\/03\/Corsi-Edifici-muratura-300x300-1.jpg","path":"\/var\/www\/html\/moodle\/shop\/wp-content\/uploads\/2024\/03\/Corsi-Edifici-muratura-300x300-1.jpg","size":"full","id":11715,"alt":"","pixels":90000,"type":"image\/jpeg"}],"twitter_card":"summary_large_image","twitter_misc":{"Tempo di lettura stimato":"1 minuto"},"schema":{"@context":"https:\/\/schema.org","@graph":[{"@type":"WebSite","@id":"https:\/\/formazione.cogeosrl.com\/shop\/#website","url":"https:\/\/formazione.cogeosrl.com\/shop\/","name":"Co.geo. Srl","description":"","potentialAction":[{"@type":"SearchAction","target":{"@type":"EntryPoint","urlTemplate":"https:\/\/formazione.cogeosrl.com\/shop\/?s={search_term_string}"},"query-input":"required name=search_term_string"}],"inLanguage":"it-IT"},{"@type":"ImageObject","@id":"https:\/\/formazione.cogeosrl.com\/shop\/prodotto\/corso-tecniche-di-intervento-su-edifici-esistenti-in-muratura\/#primaryimage","inLanguage":"it-IT","url":"https:\/\/formazione.cogeosrl.com\/shop\/wp-content\/uploads\/2024\/03\/Corsi-Edifici-muratura-300x300-1.jpg","contentUrl":"https:\/\/formazione.cogeosrl.com\/shop\/wp-content\/uploads\/2024\/03\/Corsi-Edifici-muratura-300x300-1.jpg","width":300,"height":300},{"@type":"WebPage","@id":"https:\/\/formazione.cogeosrl.com\/shop\/prodotto\/corso-tecniche-di-intervento-su-edifici-esistenti-in-muratura\/#webpage","url":"https:\/\/formazione.cogeosrl.com\/shop\/prodotto\/corso-tecniche-di-intervento-su-edifici-esistenti-in-muratura\/","name":"Corso \"Tecniche di intervento su edifici esistenti in muratura\" - Co.geo.","isPartOf":{"@id":"https:\/\/formazione.cogeosrl.com\/shop\/#website"},"primaryImageOfPage":{"@id":"https:\/\/formazione.cogeosrl.com\/shop\/prodotto\/corso-tecniche-di-intervento-su-edifici-esistenti-in-muratura\/#primaryimage"},"datePublished":"2024-03-20T08:52:52+00:00","dateModified":"2024-04-15T12:33:57+00:00","breadcrumb":{"@id":"https:\/\/formazione.cogeosrl.com\/shop\/prodotto\/corso-tecniche-di-intervento-su-edifici-esistenti-in-muratura\/#breadcrumb"},"inLanguage":"it-IT","potentialAction":[{"@type":"ReadAction","target":["https:\/\/formazione.cogeosrl.com\/shop\/prodotto\/corso-tecniche-di-intervento-su-edifici-esistenti-in-muratura\/"]}]},{"@type":"BreadcrumbList","@id":"https:\/\/formazione.cogeosrl.com\/shop\/prodotto\/corso-tecniche-di-intervento-su-edifici-esistenti-in-muratura\/#breadcrumb","itemListElement":[{"@type":"ListItem","position":1,"name":"Home","item":"https:\/\/formazione.cogeosrl.com\/shop\/"},{"@type":"ListItem","position":2,"name":"Home","item":"https:\/\/formazione.cogeosrl.com\/shop\/home\/"},{"@type":"ListItem","position":3,"name":"Corso &#8220;Tecniche di intervento su edifici esistenti in muratura&#8221;"}]}]}},"_links":{"self":[{"href":"https:\/\/formazione.cogeosrl.com\/shop\/wp-json\/wp\/v2\/product\/11717"}],"collection":[{"href":"https:\/\/formazione.cogeosrl.com\/shop\/wp-json\/wp\/v2\/product"}],"about":[{"href":"https:\/\/formazione.cogeosrl.com\/shop\/wp-json\/wp\/v2\/types\/product"}],"wp:featuredmedia":[{"embeddable":true,"href":"https:\/\/formazione.cogeosrl.com\/shop\/wp-json\/wp\/v2\/media\/11715"}],"wp:attachment":[{"href":"https:\/\/formazione.cogeosrl.com\/shop\/wp-json\/wp\/v2\/media?parent=11717"}],"wp:term":[{"taxonomy":"product_cat","embeddable":true,"href":"https:\/\/formazione.cogeosrl.com\/shop\/wp-json\/wp\/v2\/product_cat?post=11717"},{"taxonomy":"product_tag","embeddable":true,"href":"https:\/\/formazione.cogeosrl.com\/shop\/wp-json\/wp\/v2\/product_tag?post=11717"}],"curies":[{"name":"wp","href":"https:\/\/api.w.org\/{rel}","templated":true}]}}