
{"id":11712,"date":"2024-03-19T11:22:32","date_gmt":"2024-03-19T10:22:32","guid":{"rendered":"https:\/\/formazione.cogeosrl.com\/shop\/?post_type=product&#038;p=11712"},"modified":"2024-05-22T09:37:08","modified_gmt":"2024-05-22T07:37:08","slug":"corso-lavori-in-quota-valutazione-di-opportunita-e-tecnologie","status":"publish","type":"product","link":"https:\/\/formazione.cogeosrl.com\/shop\/prodotto\/corso-lavori-in-quota-valutazione-di-opportunita-e-tecnologie\/","title":{"rendered":"Corso &#8220;Lavori in quota valutazione di opportunit\u00e0 e tecnologie&#8221;"},"content":{"rendered":"<h5>Si informa che il corso avr\u00e0 validit\u00e0 ai fini dell&#8217;Aggiornamento dei Coordinatori della Sicurezza <strong><em>in ottemperanza a quanto previsto dagli artt.32, 98 ed allegato XIV del D.Lgs. 81\/08 ed <\/em><em>indicato dalla CSR, al punto 3 e con i contenuti dell\u2019Allegato A2, all\u2019Accordo del 26\/01\/2006; dalla CSR ai punti 7,8, 9 e quant\u2019altro indicato dall\u2019Accordo del 07\/07\/2016.<\/em><\/strong><\/h5>\n<h5>Il corso \u00e8 volto a informare i professionisti sulle varie tecnologie per effettuare i lavori in quota nei vari modi in ossequio alla normativa vigente e al progresso tecnologico.<\/h5>\n<h5>Gli argomenti trattati sono i seguenti:<\/h5>\n<ul>\n<li>\n<h4><strong><u>MODULO GIURIDICO-NORMATIVO<\/u><\/strong><\/h4>\n<ul>\n<li>\n<h5><u><\/u>Legislazione in materia di sicurezza<\/h5>\n<\/li>\n<li>\n<h5>Titolo IV \u201cLavori in quota\u201d e \u201cCantieri\u201d<\/h5>\n<\/li>\n<li>\n<h5>Analisi dei rischi<\/h5>\n<\/li>\n<li>\n<h5>Norme di buona tecnica e di buone prassi<\/h5>\n<\/li>\n<li>\n<h5>Statistiche degli infortuni e delle violazioni delle norme nei cantieri<\/h5>\n<\/li>\n<\/ul>\n<\/li>\n<li>\n<h4><strong><u>MODULO TECNICO<\/u><\/strong><\/h4>\n<ul>\n<li>\n<h5>Ancoraggi per DPI<\/h5>\n<\/li>\n<li>\n<h5>Scale<\/h5>\n<\/li>\n<li>\n<h5>Trabattelli<\/h5>\n<\/li>\n<li>\n<h5>PLE<\/h5>\n<\/li>\n<li>\n<h5>Ponteggi<\/h5>\n<\/li>\n<li>\n<h5>Lavori in copertura<\/h5>\n<\/li>\n<li>\n<h5>Funi<\/h5>\n<\/li>\n<\/ul>\n<\/li>\n<\/ul>\n","protected":false},"excerpt":{"rendered":"<h4><strong>(4 ore &#8211; 4<\/strong><strong>\u00a0CFP Geometri)<\/strong><\/h4>\n<ul>\n<li>\n<h4>\u20ac\u00a0 42,70 (\u20ac 35,00 + iva) professionisti <strong>iscritti<\/strong>\u00a0ai Collegi dei Geometri e Geometri Laureati<\/h4>\n<\/li>\n<li>\n<h4>\u20ac\u00a0 48,80 (\u20ac 40,00 + iva) professionisti <strong>NON iscritti<\/strong>\u00a0ai Collegi dei Geometri e Geometri Laureati<\/h4>\n<\/li>\n<\/ul>\n<h4>Il corso, erogato <strong>in modalit\u00e0 E-Learning,<\/strong> ha una durata di <strong>4\u00a0ore<\/strong> ed \u00e8 rivolto ai coordinatori sicurezza cantieri, geometri, architetti, ingegneri, periti industriali, amministratori di condominio.<\/h4>\n<h4><strong>Si comunica che al fine dell&#8217;attribuzione dei Crediti Formativi Professionali il corso pu\u00f2 essere frequentato una sola volta.<\/strong><\/h4>\n<p><a href='\/course\/view.php?id=77' class='big-button biggreen'>Paga con Paypal o Carta di Credito<\/a> \u00a0<a href='\/shop\/pagamento-con-bonifico\/' class='big-button bigblue'>Paga con Bonifico<\/a><\/p>\n","protected":false},"featured_media":11713,"template":"","meta":{"_et_pb_use_builder":"","_et_pb_old_content":"","_et_gb_content_width":""},"product_cat":[29],"product_tag":[],"yoast_head":"<!-- This site is optimized with the Yoast SEO plugin v16.9 - https:\/\/yoast.com\/wordpress\/plugins\/seo\/ -->\n<title>Corso &quot;Lavori in quota valutazione di opportunit\u00e0 e tecnologie&quot; - Co.geo.<\/title>\n<meta name=\"robots\" content=\"index, follow, max-snippet:-1, max-image-preview:large, max-video-preview:-1\" \/>\n<link rel=\"canonical\" href=\"https:\/\/formazione.cogeosrl.com\/shop\/prodotto\/corso-lavori-in-quota-valutazione-di-opportunita-e-tecnologie\/\" \/>\n<meta property=\"og:locale\" content=\"it_IT\" \/>\n<meta property=\"og:type\" content=\"article\" \/>\n<meta property=\"og:title\" content=\"Corso &quot;Lavori in quota valutazione di opportunit\u00e0 e tecnologie&quot; - Co.geo.\" \/>\n<meta property=\"og:description\" content=\"(4 ore - 4\u00a0CFP Geometri)    \u20ac\u00a0 42,70 (\u20ac 35,00 + iva) professionisti iscritti\u00a0ai Collegi dei Geometri e Geometri Laureati    \u20ac\u00a0 48,80 (\u20ac 40,00 + iva) professionisti NON iscritti\u00a0ai Collegi dei Geometri e Geometri Laureati   Il corso, erogato in modalit\u00e0 E-Learning, ha una durata di 4\u00a0ore ed \u00e8 rivolto ai coordinatori sicurezza cantieri, geometri, architetti, ingegneri, periti industriali, amministratori di condominio. Si comunica che al fine dell&#039;attribuzione dei Crediti Formativi Professionali il corso pu\u00f2 essere frequentato una sola volta.  \u00a0\" \/>\n<meta property=\"og:url\" content=\"https:\/\/formazione.cogeosrl.com\/shop\/prodotto\/corso-lavori-in-quota-valutazione-di-opportunita-e-tecnologie\/\" \/>\n<meta property=\"og:site_name\" content=\"Co.geo.\" \/>\n<meta property=\"article:modified_time\" content=\"2024-05-22T07:37:08+00:00\" \/>\n<meta property=\"og:image\" content=\"https:\/\/formazione.cogeosrl.com\/shop\/wp-content\/uploads\/2024\/03\/Imm-Lavori-in-quota-300x300-1.jpg\" \/>\n\t<meta property=\"og:image:width\" content=\"300\" \/>\n\t<meta property=\"og:image:height\" content=\"300\" \/>\n<meta name=\"twitter:card\" content=\"summary_large_image\" \/>\n<meta name=\"twitter:label1\" content=\"Tempo di lettura stimato\" \/>\n\t<meta name=\"twitter:data1\" content=\"1 minuto\" \/>\n<script type=\"application\/ld+json\" class=\"yoast-schema-graph\">{\"@context\":\"https:\/\/schema.org\",\"@graph\":[{\"@type\":\"WebSite\",\"@id\":\"https:\/\/formazione.cogeosrl.com\/shop\/#website\",\"url\":\"https:\/\/formazione.cogeosrl.com\/shop\/\",\"name\":\"Co.geo. Srl\",\"description\":\"\",\"potentialAction\":[{\"@type\":\"SearchAction\",\"target\":{\"@type\":\"EntryPoint\",\"urlTemplate\":\"https:\/\/formazione.cogeosrl.com\/shop\/?s={search_term_string}\"},\"query-input\":\"required name=search_term_string\"}],\"inLanguage\":\"it-IT\"},{\"@type\":\"ImageObject\",\"@id\":\"https:\/\/formazione.cogeosrl.com\/shop\/prodotto\/corso-lavori-in-quota-valutazione-di-opportunita-e-tecnologie\/#primaryimage\",\"inLanguage\":\"it-IT\",\"url\":\"https:\/\/formazione.cogeosrl.com\/shop\/wp-content\/uploads\/2024\/03\/Imm-Lavori-in-quota-300x300-1.jpg\",\"contentUrl\":\"https:\/\/formazione.cogeosrl.com\/shop\/wp-content\/uploads\/2024\/03\/Imm-Lavori-in-quota-300x300-1.jpg\",\"width\":300,\"height\":300},{\"@type\":\"WebPage\",\"@id\":\"https:\/\/formazione.cogeosrl.com\/shop\/prodotto\/corso-lavori-in-quota-valutazione-di-opportunita-e-tecnologie\/#webpage\",\"url\":\"https:\/\/formazione.cogeosrl.com\/shop\/prodotto\/corso-lavori-in-quota-valutazione-di-opportunita-e-tecnologie\/\",\"name\":\"Corso \\\"Lavori in quota valutazione di opportunit\\u00e0 e tecnologie\\\" - Co.geo.\",\"isPartOf\":{\"@id\":\"https:\/\/formazione.cogeosrl.com\/shop\/#website\"},\"primaryImageOfPage\":{\"@id\":\"https:\/\/formazione.cogeosrl.com\/shop\/prodotto\/corso-lavori-in-quota-valutazione-di-opportunita-e-tecnologie\/#primaryimage\"},\"datePublished\":\"2024-03-19T10:22:32+00:00\",\"dateModified\":\"2024-05-22T07:37:08+00:00\",\"breadcrumb\":{\"@id\":\"https:\/\/formazione.cogeosrl.com\/shop\/prodotto\/corso-lavori-in-quota-valutazione-di-opportunita-e-tecnologie\/#breadcrumb\"},\"inLanguage\":\"it-IT\",\"potentialAction\":[{\"@type\":\"ReadAction\",\"target\":[\"https:\/\/formazione.cogeosrl.com\/shop\/prodotto\/corso-lavori-in-quota-valutazione-di-opportunita-e-tecnologie\/\"]}]},{\"@type\":\"BreadcrumbList\",\"@id\":\"https:\/\/formazione.cogeosrl.com\/shop\/prodotto\/corso-lavori-in-quota-valutazione-di-opportunita-e-tecnologie\/#breadcrumb\",\"itemListElement\":[{\"@type\":\"ListItem\",\"position\":1,\"name\":\"Home\",\"item\":\"https:\/\/formazione.cogeosrl.com\/shop\/\"},{\"@type\":\"ListItem\",\"position\":2,\"name\":\"Home\",\"item\":\"https:\/\/formazione.cogeosrl.com\/shop\/home\/\"},{\"@type\":\"ListItem\",\"position\":3,\"name\":\"Corso &#8220;Lavori in quota valutazione di opportunit\\u00e0 e tecnologie&#8221;\"}]}]}<\/script>\n<!-- \/ Yoast SEO plugin. -->","yoast_head_json":{"title":"Corso \"Lavori in quota valutazione di opportunit\u00e0 e tecnologie\" - Co.geo.","robots":{"index":"index","follow":"follow","max-snippet":"max-snippet:-1","max-image-preview":"max-image-preview:large","max-video-preview":"max-video-preview:-1"},"canonical":"https:\/\/formazione.cogeosrl.com\/shop\/prodotto\/corso-lavori-in-quota-valutazione-di-opportunita-e-tecnologie\/","og_locale":"it_IT","og_type":"article","og_title":"Corso \"Lavori in quota valutazione di opportunit\u00e0 e tecnologie\" - Co.geo.","og_description":"(4 ore - 4\u00a0CFP Geometri)    \u20ac\u00a0 42,70 (\u20ac 35,00 + iva) professionisti iscritti\u00a0ai Collegi dei Geometri e Geometri Laureati    \u20ac\u00a0 48,80 (\u20ac 40,00 + iva) professionisti NON iscritti\u00a0ai Collegi dei Geometri e Geometri Laureati   Il corso, erogato in modalit\u00e0 E-Learning, ha una durata di 4\u00a0ore ed \u00e8 rivolto ai coordinatori sicurezza cantieri, geometri, architetti, ingegneri, periti industriali, amministratori di condominio. Si comunica che al fine dell'attribuzione dei Crediti Formativi Professionali il corso pu\u00f2 essere frequentato una sola volta.  \u00a0","og_url":"https:\/\/formazione.cogeosrl.com\/shop\/prodotto\/corso-lavori-in-quota-valutazione-di-opportunita-e-tecnologie\/","og_site_name":"Co.geo.","article_modified_time":"2024-05-22T07:37:08+00:00","og_image":[{"width":300,"height":300,"url":"https:\/\/formazione.cogeosrl.com\/shop\/wp-content\/uploads\/2024\/03\/Imm-Lavori-in-quota-300x300-1.jpg","path":"\/var\/www\/html\/moodle\/shop\/wp-content\/uploads\/2024\/03\/Imm-Lavori-in-quota-300x300-1.jpg","size":"full","id":11713,"alt":"","pixels":90000,"type":"image\/jpeg"}],"twitter_card":"summary_large_image","twitter_misc":{"Tempo di lettura stimato":"1 minuto"},"schema":{"@context":"https:\/\/schema.org","@graph":[{"@type":"WebSite","@id":"https:\/\/formazione.cogeosrl.com\/shop\/#website","url":"https:\/\/formazione.cogeosrl.com\/shop\/","name":"Co.geo. Srl","description":"","potentialAction":[{"@type":"SearchAction","target":{"@type":"EntryPoint","urlTemplate":"https:\/\/formazione.cogeosrl.com\/shop\/?s={search_term_string}"},"query-input":"required name=search_term_string"}],"inLanguage":"it-IT"},{"@type":"ImageObject","@id":"https:\/\/formazione.cogeosrl.com\/shop\/prodotto\/corso-lavori-in-quota-valutazione-di-opportunita-e-tecnologie\/#primaryimage","inLanguage":"it-IT","url":"https:\/\/formazione.cogeosrl.com\/shop\/wp-content\/uploads\/2024\/03\/Imm-Lavori-in-quota-300x300-1.jpg","contentUrl":"https:\/\/formazione.cogeosrl.com\/shop\/wp-content\/uploads\/2024\/03\/Imm-Lavori-in-quota-300x300-1.jpg","width":300,"height":300},{"@type":"WebPage","@id":"https:\/\/formazione.cogeosrl.com\/shop\/prodotto\/corso-lavori-in-quota-valutazione-di-opportunita-e-tecnologie\/#webpage","url":"https:\/\/formazione.cogeosrl.com\/shop\/prodotto\/corso-lavori-in-quota-valutazione-di-opportunita-e-tecnologie\/","name":"Corso \"Lavori in quota valutazione di opportunit\u00e0 e tecnologie\" - Co.geo.","isPartOf":{"@id":"https:\/\/formazione.cogeosrl.com\/shop\/#website"},"primaryImageOfPage":{"@id":"https:\/\/formazione.cogeosrl.com\/shop\/prodotto\/corso-lavori-in-quota-valutazione-di-opportunita-e-tecnologie\/#primaryimage"},"datePublished":"2024-03-19T10:22:32+00:00","dateModified":"2024-05-22T07:37:08+00:00","breadcrumb":{"@id":"https:\/\/formazione.cogeosrl.com\/shop\/prodotto\/corso-lavori-in-quota-valutazione-di-opportunita-e-tecnologie\/#breadcrumb"},"inLanguage":"it-IT","potentialAction":[{"@type":"ReadAction","target":["https:\/\/formazione.cogeosrl.com\/shop\/prodotto\/corso-lavori-in-quota-valutazione-di-opportunita-e-tecnologie\/"]}]},{"@type":"BreadcrumbList","@id":"https:\/\/formazione.cogeosrl.com\/shop\/prodotto\/corso-lavori-in-quota-valutazione-di-opportunita-e-tecnologie\/#breadcrumb","itemListElement":[{"@type":"ListItem","position":1,"name":"Home","item":"https:\/\/formazione.cogeosrl.com\/shop\/"},{"@type":"ListItem","position":2,"name":"Home","item":"https:\/\/formazione.cogeosrl.com\/shop\/home\/"},{"@type":"ListItem","position":3,"name":"Corso &#8220;Lavori in quota valutazione di opportunit\u00e0 e tecnologie&#8221;"}]}]}},"_links":{"self":[{"href":"https:\/\/formazione.cogeosrl.com\/shop\/wp-json\/wp\/v2\/product\/11712"}],"collection":[{"href":"https:\/\/formazione.cogeosrl.com\/shop\/wp-json\/wp\/v2\/product"}],"about":[{"href":"https:\/\/formazione.cogeosrl.com\/shop\/wp-json\/wp\/v2\/types\/product"}],"wp:featuredmedia":[{"embeddable":true,"href":"https:\/\/formazione.cogeosrl.com\/shop\/wp-json\/wp\/v2\/media\/11713"}],"wp:attachment":[{"href":"https:\/\/formazione.cogeosrl.com\/shop\/wp-json\/wp\/v2\/media?parent=11712"}],"wp:term":[{"taxonomy":"product_cat","embeddable":true,"href":"https:\/\/formazione.cogeosrl.com\/shop\/wp-json\/wp\/v2\/product_cat?post=11712"},{"taxonomy":"product_tag","embeddable":true,"href":"https:\/\/formazione.cogeosrl.com\/shop\/wp-json\/wp\/v2\/product_tag?post=11712"}],"curies":[{"name":"wp","href":"https:\/\/api.w.org\/{rel}","templated":true}]}}