
{"id":11391,"date":"2022-02-22T17:24:41","date_gmt":"2022-02-22T16:24:41","guid":{"rendered":"https:\/\/formazione.cogeosrl.com\/shop\/?post_type=product&#038;p=11391"},"modified":"2024-04-11T11:54:25","modified_gmt":"2024-04-11T09:54:25","slug":"le-tabelle-millesimali","status":"publish","type":"product","link":"https:\/\/formazione.cogeosrl.com\/shop\/prodotto\/le-tabelle-millesimali\/","title":{"rendered":"Corso di approfondimento sulle Tabelle Millesimali"},"content":{"rendered":"<h4>Il corso di formazione della durata di 4 ore, che sar\u00e0 erogato in modalit\u00e0 <strong>E-Learning<\/strong>, analizza il procedimento tecnico per la redazione di un elaborato millesimale completo, esteso a tutte le parti comuni maggiormente ricorrenti in un edificio.<\/h4>\n<h4>Il corso approfondisce le seguenti tematiche:<\/h4>\n<ul>\n<li style=\"list-style-type: none;\">\n<ul>\n<li>\n<h4>Operazioni preliminari e impostazione dell\u2019elaborato millesimale &#8211; Il valore delle unit\u00e0 immobiliari nelle tabelle millesimali &#8211; Superficie reale e volume reale<\/h4>\n<\/li>\n<li>\n<h4>Le caratteristiche qualitative delle unit\u00e0 immobiliari e dei coefficienti di riduzione<\/h4>\n<\/li>\n<li>\n<h4>Il calcolo della superficie virtuale o del volume virtuale &#8211; La tabella dei millesimi di propriet\u00e0 generale (la tabella A)<\/h4>\n<\/li>\n<li>\n<h4>La tabella dei millesimi delle scale (la tabella B)<\/h4>\n<\/li>\n<li>\n<h4>La tabella dei millesimi dell\u2019ascensore (la tabella C)<\/h4>\n<\/li>\n<li>\n<h4>La tabella dei millesimi del riscaldamento (la tabella D) e relativa contabilizzazione del calore<\/h4>\n<\/li>\n<li>\n<h4>La relazione tecnica e l\u2019elaborato millesimale<\/h4>\n<\/li>\n<\/ul>\n<\/li>\n<\/ul>\n","protected":false},"excerpt":{"rendered":"<h4><strong>(4<\/strong><strong> ore &#8211; 4 CFP Geometri)<\/strong><\/h4>\n<ul>\n<li>\n<h4>\u20ac 24,40 (\u20ac 20,00 + iva) professionisti <strong>iscritti<\/strong> ai Collegi dei Geometri e Geometri Laureati della Provincia di Perugia o Terni<\/h4>\n<\/li>\n<li>\n<h4>\u20ac 48,80 (\u20ac 40,00 + iva) professionisti <strong>NON iscritti<\/strong> ai Collegi dei Geometri e Geometri Laureati della Provincia di Perugia o Terni<\/h4>\n<\/li>\n<\/ul>\n<h4>Il corso, realizzato in collaborazione con la societ\u00e0 <strong>Geo Network,<\/strong> \u00e8 un valido strumento di aggiornamento professionale per il professionista che si trover\u00e0 ad analizzare la materia da un punto di vista prettamente pratico e operativo.<\/h4>\n<h4><\/h4>\n<h4><strong>Si comunica che al fine dell&#8217;attribuzione dei Crediti Formativi Professionali il corso pu\u00f2 essere frequentato una sola volta.<\/strong><\/h4>\n<p><a href='\/course\/view.php?id=36' class='big-button biggreen'>Paga con Paypal o Carta di Credito<\/a> \u00a0<a href='\/shop\/pagamento-con-bonifico\/' class='big-button bigblue'>Paga con Bonifico<\/a><\/p>\n<p>&nbsp;<\/p>\n","protected":false},"featured_media":11392,"template":"","meta":{"_et_pb_use_builder":"","_et_pb_old_content":"","_et_gb_content_width":""},"product_cat":[29],"product_tag":[],"yoast_head":"<!-- This site is optimized with the Yoast SEO plugin v16.9 - https:\/\/yoast.com\/wordpress\/plugins\/seo\/ -->\n<title>Corso di approfondimento sulle Tabelle Millesimali - Co.geo.<\/title>\n<meta name=\"robots\" content=\"index, follow, max-snippet:-1, max-image-preview:large, max-video-preview:-1\" \/>\n<link rel=\"canonical\" href=\"https:\/\/formazione.cogeosrl.com\/shop\/prodotto\/le-tabelle-millesimali\/\" \/>\n<meta property=\"og:locale\" content=\"it_IT\" \/>\n<meta property=\"og:type\" content=\"article\" \/>\n<meta property=\"og:title\" content=\"Corso di approfondimento sulle Tabelle Millesimali - Co.geo.\" \/>\n<meta property=\"og:description\" content=\"(4 ore - 4 CFP Geometri)    \u20ac 24,40 (\u20ac 20,00 + iva) professionisti iscritti ai Collegi dei Geometri e Geometri Laureati della Provincia di Perugia o Terni    \u20ac 48,80 (\u20ac 40,00 + iva) professionisti NON iscritti ai Collegi dei Geometri e Geometri Laureati della Provincia di Perugia o Terni   Il corso, realizzato in collaborazione con la societ\u00e0 Geo Network, \u00e8 un valido strumento di aggiornamento professionale per il professionista che si trover\u00e0 ad analizzare la materia da un punto di vista prettamente pratico e operativo.  Si comunica che al fine dell&#039;attribuzione dei Crediti Formativi Professionali il corso pu\u00f2 essere frequentato una sola volta.  \u00a0  &nbsp;\" \/>\n<meta property=\"og:url\" content=\"https:\/\/formazione.cogeosrl.com\/shop\/prodotto\/le-tabelle-millesimali\/\" \/>\n<meta property=\"og:site_name\" content=\"Co.geo.\" \/>\n<meta property=\"article:modified_time\" content=\"2024-04-11T09:54:25+00:00\" \/>\n<meta property=\"og:image\" content=\"https:\/\/formazione.cogeosrl.com\/shop\/wp-content\/uploads\/2022\/02\/immagine-corso-tabelle-mill.jpg\" \/>\n\t<meta property=\"og:image:width\" content=\"300\" \/>\n\t<meta property=\"og:image:height\" content=\"300\" \/>\n<meta name=\"twitter:card\" content=\"summary_large_image\" \/>\n<meta name=\"twitter:label1\" content=\"Tempo di lettura stimato\" \/>\n\t<meta name=\"twitter:data1\" content=\"1 minuto\" \/>\n<script type=\"application\/ld+json\" class=\"yoast-schema-graph\">{\"@context\":\"https:\/\/schema.org\",\"@graph\":[{\"@type\":\"WebSite\",\"@id\":\"https:\/\/formazione.cogeosrl.com\/shop\/#website\",\"url\":\"https:\/\/formazione.cogeosrl.com\/shop\/\",\"name\":\"Co.geo. Srl\",\"description\":\"\",\"potentialAction\":[{\"@type\":\"SearchAction\",\"target\":{\"@type\":\"EntryPoint\",\"urlTemplate\":\"https:\/\/formazione.cogeosrl.com\/shop\/?s={search_term_string}\"},\"query-input\":\"required name=search_term_string\"}],\"inLanguage\":\"it-IT\"},{\"@type\":\"ImageObject\",\"@id\":\"https:\/\/formazione.cogeosrl.com\/shop\/prodotto\/le-tabelle-millesimali\/#primaryimage\",\"inLanguage\":\"it-IT\",\"url\":\"https:\/\/formazione.cogeosrl.com\/shop\/wp-content\/uploads\/2022\/02\/immagine-corso-tabelle-mill.jpg\",\"contentUrl\":\"https:\/\/formazione.cogeosrl.com\/shop\/wp-content\/uploads\/2022\/02\/immagine-corso-tabelle-mill.jpg\",\"width\":300,\"height\":300},{\"@type\":\"WebPage\",\"@id\":\"https:\/\/formazione.cogeosrl.com\/shop\/prodotto\/le-tabelle-millesimali\/#webpage\",\"url\":\"https:\/\/formazione.cogeosrl.com\/shop\/prodotto\/le-tabelle-millesimali\/\",\"name\":\"Corso di approfondimento sulle Tabelle Millesimali - Co.geo.\",\"isPartOf\":{\"@id\":\"https:\/\/formazione.cogeosrl.com\/shop\/#website\"},\"primaryImageOfPage\":{\"@id\":\"https:\/\/formazione.cogeosrl.com\/shop\/prodotto\/le-tabelle-millesimali\/#primaryimage\"},\"datePublished\":\"2022-02-22T16:24:41+00:00\",\"dateModified\":\"2024-04-11T09:54:25+00:00\",\"breadcrumb\":{\"@id\":\"https:\/\/formazione.cogeosrl.com\/shop\/prodotto\/le-tabelle-millesimali\/#breadcrumb\"},\"inLanguage\":\"it-IT\",\"potentialAction\":[{\"@type\":\"ReadAction\",\"target\":[\"https:\/\/formazione.cogeosrl.com\/shop\/prodotto\/le-tabelle-millesimali\/\"]}]},{\"@type\":\"BreadcrumbList\",\"@id\":\"https:\/\/formazione.cogeosrl.com\/shop\/prodotto\/le-tabelle-millesimali\/#breadcrumb\",\"itemListElement\":[{\"@type\":\"ListItem\",\"position\":1,\"name\":\"Home\",\"item\":\"https:\/\/formazione.cogeosrl.com\/shop\/\"},{\"@type\":\"ListItem\",\"position\":2,\"name\":\"Home\",\"item\":\"https:\/\/formazione.cogeosrl.com\/shop\/home\/\"},{\"@type\":\"ListItem\",\"position\":3,\"name\":\"Corso di approfondimento sulle Tabelle Millesimali\"}]}]}<\/script>\n<!-- \/ Yoast SEO plugin. -->","yoast_head_json":{"title":"Corso di approfondimento sulle Tabelle Millesimali - Co.geo.","robots":{"index":"index","follow":"follow","max-snippet":"max-snippet:-1","max-image-preview":"max-image-preview:large","max-video-preview":"max-video-preview:-1"},"canonical":"https:\/\/formazione.cogeosrl.com\/shop\/prodotto\/le-tabelle-millesimali\/","og_locale":"it_IT","og_type":"article","og_title":"Corso di approfondimento sulle Tabelle Millesimali - Co.geo.","og_description":"(4 ore - 4 CFP Geometri)    \u20ac 24,40 (\u20ac 20,00 + iva) professionisti iscritti ai Collegi dei Geometri e Geometri Laureati della Provincia di Perugia o Terni    \u20ac 48,80 (\u20ac 40,00 + iva) professionisti NON iscritti ai Collegi dei Geometri e Geometri Laureati della Provincia di Perugia o Terni   Il corso, realizzato in collaborazione con la societ\u00e0 Geo Network, \u00e8 un valido strumento di aggiornamento professionale per il professionista che si trover\u00e0 ad analizzare la materia da un punto di vista prettamente pratico e operativo.  Si comunica che al fine dell'attribuzione dei Crediti Formativi Professionali il corso pu\u00f2 essere frequentato una sola volta.  \u00a0  &nbsp;","og_url":"https:\/\/formazione.cogeosrl.com\/shop\/prodotto\/le-tabelle-millesimali\/","og_site_name":"Co.geo.","article_modified_time":"2024-04-11T09:54:25+00:00","og_image":[{"width":300,"height":300,"url":"https:\/\/formazione.cogeosrl.com\/shop\/wp-content\/uploads\/2022\/02\/immagine-corso-tabelle-mill.jpg","path":"\/var\/www\/html\/moodle\/shop\/wp-content\/uploads\/2022\/02\/immagine-corso-tabelle-mill.jpg","size":"full","id":11392,"alt":"","pixels":90000,"type":"image\/jpeg"}],"twitter_card":"summary_large_image","twitter_misc":{"Tempo di lettura stimato":"1 minuto"},"schema":{"@context":"https:\/\/schema.org","@graph":[{"@type":"WebSite","@id":"https:\/\/formazione.cogeosrl.com\/shop\/#website","url":"https:\/\/formazione.cogeosrl.com\/shop\/","name":"Co.geo. Srl","description":"","potentialAction":[{"@type":"SearchAction","target":{"@type":"EntryPoint","urlTemplate":"https:\/\/formazione.cogeosrl.com\/shop\/?s={search_term_string}"},"query-input":"required name=search_term_string"}],"inLanguage":"it-IT"},{"@type":"ImageObject","@id":"https:\/\/formazione.cogeosrl.com\/shop\/prodotto\/le-tabelle-millesimali\/#primaryimage","inLanguage":"it-IT","url":"https:\/\/formazione.cogeosrl.com\/shop\/wp-content\/uploads\/2022\/02\/immagine-corso-tabelle-mill.jpg","contentUrl":"https:\/\/formazione.cogeosrl.com\/shop\/wp-content\/uploads\/2022\/02\/immagine-corso-tabelle-mill.jpg","width":300,"height":300},{"@type":"WebPage","@id":"https:\/\/formazione.cogeosrl.com\/shop\/prodotto\/le-tabelle-millesimali\/#webpage","url":"https:\/\/formazione.cogeosrl.com\/shop\/prodotto\/le-tabelle-millesimali\/","name":"Corso di approfondimento sulle Tabelle Millesimali - Co.geo.","isPartOf":{"@id":"https:\/\/formazione.cogeosrl.com\/shop\/#website"},"primaryImageOfPage":{"@id":"https:\/\/formazione.cogeosrl.com\/shop\/prodotto\/le-tabelle-millesimali\/#primaryimage"},"datePublished":"2022-02-22T16:24:41+00:00","dateModified":"2024-04-11T09:54:25+00:00","breadcrumb":{"@id":"https:\/\/formazione.cogeosrl.com\/shop\/prodotto\/le-tabelle-millesimali\/#breadcrumb"},"inLanguage":"it-IT","potentialAction":[{"@type":"ReadAction","target":["https:\/\/formazione.cogeosrl.com\/shop\/prodotto\/le-tabelle-millesimali\/"]}]},{"@type":"BreadcrumbList","@id":"https:\/\/formazione.cogeosrl.com\/shop\/prodotto\/le-tabelle-millesimali\/#breadcrumb","itemListElement":[{"@type":"ListItem","position":1,"name":"Home","item":"https:\/\/formazione.cogeosrl.com\/shop\/"},{"@type":"ListItem","position":2,"name":"Home","item":"https:\/\/formazione.cogeosrl.com\/shop\/home\/"},{"@type":"ListItem","position":3,"name":"Corso di approfondimento sulle Tabelle Millesimali"}]}]}},"_links":{"self":[{"href":"https:\/\/formazione.cogeosrl.com\/shop\/wp-json\/wp\/v2\/product\/11391"}],"collection":[{"href":"https:\/\/formazione.cogeosrl.com\/shop\/wp-json\/wp\/v2\/product"}],"about":[{"href":"https:\/\/formazione.cogeosrl.com\/shop\/wp-json\/wp\/v2\/types\/product"}],"wp:featuredmedia":[{"embeddable":true,"href":"https:\/\/formazione.cogeosrl.com\/shop\/wp-json\/wp\/v2\/media\/11392"}],"wp:attachment":[{"href":"https:\/\/formazione.cogeosrl.com\/shop\/wp-json\/wp\/v2\/media?parent=11391"}],"wp:term":[{"taxonomy":"product_cat","embeddable":true,"href":"https:\/\/formazione.cogeosrl.com\/shop\/wp-json\/wp\/v2\/product_cat?post=11391"},{"taxonomy":"product_tag","embeddable":true,"href":"https:\/\/formazione.cogeosrl.com\/shop\/wp-json\/wp\/v2\/product_tag?post=11391"}],"curies":[{"name":"wp","href":"https:\/\/api.w.org\/{rel}","templated":true}]}}